{"id":85,"date":"2022-07-29T05:21:09","date_gmt":"2022-07-29T05:21:09","guid":{"rendered":"https:\/\/jbarquitecturaltda.co\/?page_id=85"},"modified":"2022-10-31T19:40:09","modified_gmt":"2022-10-31T19:40:09","slug":"empresa","status":"publish","type":"page","link":"https:\/\/jbarquitecturaltda.co\/index.php\/empresa\/","title":{"rendered":"EMPRESA"},"content":{"rendered":"\n<div class=\"wp-block-columns is-layout-flex wp-container-core-columns-is-layout-9d6595d7 wp-block-columns-is-layout-flex\">\n<div class=\"wp-block-column is-layout-flow wp-block-column-is-layout-flow\" style=\"flex-basis:25%\"><\/div>\n\n\n\n<div class=\"wp-block-column is-layout-flow wp-block-column-is-layout-flow\" style=\"flex-basis:50%\">\n<p><strong>JB Arquitectura S.A.S.<\/strong> es una empresa integral que presta sus servicios especializados en arquitectura, construcci\u00f3n de obras civiles, reparaciones f\u00edsicas y mantenimiento de tipo preventivo-correctivo en todo tipo de edificaciones a NIVEL NACIONAL.<\/p>\n\n\n\n<p>La prestaci\u00f3n de los servicios esta encaminado en el desarrollo de obras civiles que comprende dise\u00f1o, construcci\u00f3n, reformas, adecuaciones, restauraciones y montajes.<\/p>\n\n\n\n<p>Trabajamos bajo el flexible y conveniente esquema de outsourcing o contrataci\u00f3n directa externa, representando esto, m\u00faltiples beneficios para el cliente.<\/p>\n\n\n\n<p>Nuestro lema es trabajar hacia la satisfacci\u00f3n del cliente mediante el suministro eficaz de los servicios con costos competitivos, con el cumplimiento de las especificaciones contractuales, los est\u00e1ndares y las normas t\u00e9cnicas aplicables, ya que estamos comprometidos con la excelencia, porque nuestra prioridad es un \u201cExcelente Servicio\u201d.<\/p>\n\n\n\n<p>&#8212;&#8212;&#8212;&#8212;&#8212;&#8212;&#8212;&#8212;&#8212;&#8212;&#8212;&#8212;&#8212;&#8212;&#8212;&#8212;&#8212;&#8212;&#8212;&#8212;&#8212;&#8212;&#8212;&#8212;&#8212;&#8212;&#8212;&#8212;&#8212;&#8212;&#8212;&#8212;&#8212;&#8212;&#8212;&#8212;&#8212;&#8212;&#8212;&#8212;&#8212;&#8212;&#8212;&#8212;&#8212;&#8212;&#8212;&#8212;&#8212;&#8212;&#8212;&#8212;&#8212;&#8212;&#8212;&#8212;&#8212;&#8212;&#8212;&#8212;&#8212;&#8212;&#8212;&#8212;<\/p>\n\n\n\n<p>Algunos de nuestros clientes:<\/p>\n\n\n\n<div class=\"alignnormal\"><div id=\"metaslider-id-222\" style=\"max-width: 350px;\" class=\"ml-slider-3-107-0 metaslider metaslider-coin metaslider-222 ml-slider ms-theme-default\" role=\"region\" aria-label=\"ClientesJB\" data-height=\"150\" data-width=\"350\">\n    <div id=\"metaslider_container_222\">\n        <div id='metaslider_222' class='coin-slider'>\n<a href=\"javascript:void(0)\" target=\"_self\"><img loading=\"lazy\" decoding=\"async\" src=\"https:\/\/jbarquitecturaltda.co\/wp-content\/uploads\/2022\/08\/Disenos-y-Telas-1-2-350x150.jpg\" height=\"150\" width=\"350\" alt=\"\" class=\"slider-222 slide-305 msDefaultImage\" title=\"Dise\u00f1os-y-Telas-1 (2)\" style=\"display: none;\" \/><\/a>\n<a href=\"javascript:void(0)\" target=\"_self\"><img loading=\"lazy\" decoding=\"async\" src=\"https:\/\/jbarquitecturaltda.co\/wp-content\/uploads\/2022\/08\/Colegio-David-350x150.jpg\" height=\"150\" width=\"350\" alt=\"\" class=\"slider-222 slide-295 msDefaultImage\" title=\"Colegio-David\" style=\"display: none;\" \/><\/a>\n<a href=\"javascript:void(0)\" target=\"_self\"><img loading=\"lazy\" decoding=\"async\" src=\"https:\/\/jbarquitecturaltda.co\/wp-content\/uploads\/2022\/08\/Gases-Occidente-1-350x150.jpg\" height=\"150\" width=\"350\" alt=\"\" class=\"slider-222 slide-317 msDefaultImage\" title=\"Gases-Occidente-1\" style=\"display: none;\" \/><\/a>\n<a href=\"javascript:void(0)\" target=\"_self\"><img loading=\"lazy\" decoding=\"async\" src=\"https:\/\/jbarquitecturaltda.co\/wp-content\/uploads\/2022\/08\/Comcel-1-350x150.jpg\" height=\"150\" width=\"350\" alt=\"\" class=\"slider-222 slide-299 msDefaultImage\" title=\"Comcel-1\" style=\"display: none;\" \/><\/a>\n<a href=\"javascript:void(0)\" target=\"_self\"><img loading=\"lazy\" decoding=\"async\" src=\"https:\/\/jbarquitecturaltda.co\/wp-content\/uploads\/2022\/08\/Fedco-350x150.jpg\" height=\"150\" width=\"350\" alt=\"\" class=\"slider-222 slide-310 msDefaultImage\" title=\"Fedco\" style=\"display: none;\" \/><\/a>\n<a href=\"javascript:void(0)\" target=\"_self\"><img loading=\"lazy\" decoding=\"async\" src=\"https:\/\/jbarquitecturaltda.co\/wp-content\/uploads\/2022\/08\/Leonisa-1-350x150.jpg\" height=\"150\" width=\"350\" alt=\"\" class=\"slider-222 slide-325 msDefaultImage\" title=\"Leonisa-1\" style=\"display: none;\" \/><\/a>\n<a href=\"javascript:void(0)\" target=\"_self\"><img loading=\"lazy\" decoding=\"async\" src=\"https:\/\/jbarquitecturaltda.co\/wp-content\/uploads\/2022\/08\/Dogger-350x150.jpg\" height=\"150\" width=\"350\" alt=\"\" class=\"slider-222 slide-306 msDefaultImage\" title=\"Dogger\" style=\"display: none;\" \/><\/a>\n<a href=\"javascript:void(0)\" target=\"_self\"><img loading=\"lazy\" decoding=\"async\" src=\"https:\/\/jbarquitecturaltda.co\/wp-content\/uploads\/2022\/08\/Tommy-Hilfiger-1-350x150.jpg\" height=\"150\" width=\"350\" alt=\"\" class=\"slider-222 slide-344 msDefaultImage\" title=\"Tommy-Hilfiger-1\" style=\"display: none;\" \/><\/a>\n<a href=\"javascript:void(0)\" target=\"_self\"><img loading=\"lazy\" decoding=\"async\" src=\"https:\/\/jbarquitecturaltda.co\/wp-content\/uploads\/2022\/08\/LAFAM-1-350x150.jpg\" height=\"150\" width=\"350\" alt=\"\" class=\"slider-222 slide-323 msDefaultImage\" title=\"LAFAM-1\" style=\"display: none;\" \/><\/a>\n<a href=\"javascript:void(0)\" target=\"_self\"><img loading=\"lazy\" decoding=\"async\" src=\"https:\/\/jbarquitecturaltda.co\/wp-content\/uploads\/2022\/08\/Futurekids-1-350x150.jpg\" height=\"150\" width=\"350\" alt=\"\" class=\"slider-222 slide-315 msDefaultImage\" title=\"Futurekids-1\" style=\"display: none;\" \/><\/a>\n<a href=\"javascript:void(0)\" target=\"_self\"><img loading=\"lazy\" decoding=\"async\" src=\"https:\/\/jbarquitecturaltda.co\/wp-content\/uploads\/2022\/08\/Ayuda-Temporal-del-Caribe-350x150.jpg\" height=\"150\" width=\"350\" alt=\"\" class=\"slider-222 slide-289 msDefaultImage\" title=\"Ayuda-Temporal-del-Caribe\" style=\"display: none;\" \/><\/a>\n<a href=\"javascript:void(0)\" target=\"_self\"><img loading=\"lazy\" decoding=\"async\" src=\"https:\/\/jbarquitecturaltda.co\/wp-content\/uploads\/2022\/08\/Little-MIC-1-350x150.jpg\" height=\"150\" width=\"350\" alt=\"\" class=\"slider-222 slide-326 msDefaultImage\" title=\"Little-MIC-1\" style=\"display: none;\" \/><\/a>\n<a href=\"javascript:void(0)\" target=\"_self\"><img loading=\"lazy\" decoding=\"async\" src=\"https:\/\/jbarquitecturaltda.co\/wp-content\/uploads\/2022\/08\/Policia-Nacional-1-350x150.jpg\" height=\"150\" width=\"350\" alt=\"\" class=\"slider-222 slide-336 msDefaultImage\" title=\"Policia-Nacional-1\" style=\"display: none;\" \/><\/a>\n<a href=\"javascript:void(0)\" target=\"_self\"><img loading=\"lazy\" decoding=\"async\" src=\"https:\/\/jbarquitecturaltda.co\/wp-content\/uploads\/2022\/08\/Compania-Comercializadora-de-Medellin-350x150.jpg\" height=\"150\" width=\"350\" alt=\"\" class=\"slider-222 slide-300 msDefaultImage\" title=\"Compa\u00f1ia-Comercializadora-de-Medell\u00edn\" style=\"display: none;\" \/><\/a>\n<a href=\"javascript:void(0)\" target=\"_self\"><img loading=\"lazy\" decoding=\"async\" src=\"https:\/\/jbarquitecturaltda.co\/wp-content\/uploads\/2022\/08\/Tennis-1-350x150.jpg\" height=\"150\" width=\"350\" alt=\"\" class=\"slider-222 slide-341 msDefaultImage\" title=\"Tennis-1\" style=\"display: none;\" \/><\/a>\n<a href=\"javascript:void(0)\" target=\"_self\"><img loading=\"lazy\" decoding=\"async\" src=\"https:\/\/jbarquitecturaltda.co\/wp-content\/uploads\/2022\/08\/Mac_Center-350x150.jpg\" height=\"150\" width=\"350\" alt=\"\" class=\"slider-222 slide-327 msDefaultImage\" title=\"Mac_Center\" style=\"display: none;\" \/><\/a>\n<a href=\"javascript:void(0)\" target=\"_self\"><img loading=\"lazy\" decoding=\"async\" src=\"https:\/\/jbarquitecturaltda.co\/wp-content\/uploads\/2022\/08\/Legio-1-350x150.jpg\" height=\"150\" width=\"350\" alt=\"\" class=\"slider-222 slide-324 msDefaultImage\" title=\"Legio-1\" style=\"display: none;\" \/><\/a>\n<a href=\"javascript:void(0)\" target=\"_self\"><img loading=\"lazy\" decoding=\"async\" src=\"https:\/\/jbarquitecturaltda.co\/wp-content\/uploads\/2022\/08\/Servibanca-350x150.jpg\" height=\"150\" width=\"350\" alt=\"\" class=\"slider-222 slide-339 msDefaultImage\" title=\"Servibanca\" style=\"display: none;\" \/><\/a>\n<a href=\"javascript:void(0)\" target=\"_self\"><img loading=\"lazy\" decoding=\"async\" src=\"https:\/\/jbarquitecturaltda.co\/wp-content\/uploads\/2022\/08\/Origami-1-350x150.jpg\" height=\"150\" width=\"350\" alt=\"\" class=\"slider-222 slide-334 msDefaultImage\" title=\"Origami-1\" style=\"display: none;\" \/><\/a>\n<a href=\"javascript:void(0)\" target=\"_self\"><img loading=\"lazy\" decoding=\"async\" src=\"https:\/\/jbarquitecturaltda.co\/wp-content\/uploads\/2022\/08\/Movies-1-350x150.jpg\" height=\"150\" width=\"350\" alt=\"\" class=\"slider-222 slide-331 msDefaultImage\" title=\"Movies-1\" style=\"display: none;\" \/><\/a>\n<a href=\"javascript:void(0)\" target=\"_self\"><img loading=\"lazy\" decoding=\"async\" src=\"https:\/\/jbarquitecturaltda.co\/wp-content\/uploads\/2022\/08\/Claro-350x150.jpg\" height=\"150\" width=\"350\" alt=\"\" class=\"slider-222 slide-294 msDefaultImage\" title=\"Claro\" style=\"display: none;\" \/><\/a>\n<a href=\"javascript:void(0)\" target=\"_self\"><img loading=\"lazy\" decoding=\"async\" src=\"https:\/\/jbarquitecturaltda.co\/wp-content\/uploads\/2022\/08\/MIC-1-350x150.jpg\" height=\"150\" width=\"350\" alt=\"\" class=\"slider-222 slide-330 msDefaultImage\" title=\"MIC-1\" style=\"display: none;\" \/><\/a>\n<a href=\"javascript:void(0)\" target=\"_self\"><img loading=\"lazy\" decoding=\"async\" src=\"https:\/\/jbarquitecturaltda.co\/wp-content\/uploads\/2022\/08\/Colegio-Hebreo-Union-1-350x150.jpg\" height=\"150\" width=\"350\" alt=\"\" class=\"slider-222 slide-296 msDefaultImage\" title=\"Colegio-Hebreo-Union-1\" style=\"display: none;\" \/><\/a>\n<a href=\"javascript:void(0)\" target=\"_self\"><img loading=\"lazy\" decoding=\"async\" src=\"https:\/\/jbarquitecturaltda.co\/wp-content\/uploads\/2022\/08\/Payless-350x150.jpg\" height=\"150\" width=\"350\" alt=\"\" class=\"slider-222 slide-335 msDefaultImage\" title=\"Payless\" style=\"display: none;\" \/><\/a>\n<a href=\"javascript:void(0)\" target=\"_self\"><img loading=\"lazy\" decoding=\"async\" src=\"https:\/\/jbarquitecturaltda.co\/wp-content\/uploads\/2022\/08\/Royal-Films-1-350x150.jpg\" height=\"150\" width=\"350\" alt=\"\" class=\"slider-222 slide-337 msDefaultImage\" title=\"Royal-Films-1\" style=\"display: none;\" \/><\/a>\n<a href=\"javascript:void(0)\" target=\"_self\"><img loading=\"lazy\" decoding=\"async\" src=\"https:\/\/jbarquitecturaltda.co\/wp-content\/uploads\/2022\/08\/Ambiente_Living-350x150.jpg\" height=\"150\" width=\"350\" alt=\"\" class=\"slider-222 slide-287 msDefaultImage\" title=\"Ambiente_Living\" style=\"display: none;\" \/><\/a>\n<a href=\"javascript:void(0)\" target=\"_self\"><img loading=\"lazy\" decoding=\"async\" src=\"https:\/\/jbarquitecturaltda.co\/wp-content\/uploads\/2022\/08\/Calligaris-1-350x150.jpg\" height=\"150\" width=\"350\" alt=\"\" class=\"slider-222 slide-290 msDefaultImage\" title=\"Calligaris-1\" style=\"display: none;\" \/><\/a>\n<a href=\"javascript:void(0)\" target=\"_self\"><img loading=\"lazy\" decoding=\"async\" src=\"https:\/\/jbarquitecturaltda.co\/wp-content\/uploads\/2022\/08\/Joyeria-Moderna-1-350x150.jpg\" height=\"150\" width=\"350\" alt=\"\" class=\"slider-222 slide-321 msDefaultImage\" title=\"Joyeria-Moderna-1\" style=\"display: none;\" \/><\/a>\n<a href=\"javascript:void(0)\" target=\"_self\"><img loading=\"lazy\" decoding=\"async\" src=\"https:\/\/jbarquitecturaltda.co\/wp-content\/uploads\/2022\/08\/Nauty-Blue-1-350x150.jpg\" height=\"150\" width=\"350\" alt=\"\" class=\"slider-222 slide-332 msDefaultImage\" title=\"Nauty-Blue-1\" style=\"display: none;\" \/><\/a>\n<a href=\"javascript:void(0)\" target=\"_self\"><img loading=\"lazy\" decoding=\"async\" src=\"https:\/\/jbarquitecturaltda.co\/wp-content\/uploads\/2022\/08\/Open-Sols-1-350x150.jpg\" height=\"150\" width=\"350\" alt=\"\" class=\"slider-222 slide-333 msDefaultImage\" title=\"Open-Sols-1\" style=\"display: none;\" \/><\/a>\n<a href=\"javascript:void(0)\" target=\"_self\"><img loading=\"lazy\" decoding=\"async\" src=\"https:\/\/jbarquitecturaltda.co\/wp-content\/uploads\/2022\/08\/Mars-1-350x150.jpg\" height=\"150\" width=\"350\" alt=\"\" class=\"slider-222 slide-329 msDefaultImage\" title=\"Mars-1\" style=\"display: none;\" \/><\/a>\n<a href=\"javascript:void(0)\" target=\"_self\"><img loading=\"lazy\" decoding=\"async\" src=\"https:\/\/jbarquitecturaltda.co\/wp-content\/uploads\/2022\/08\/De-todo-para-el-hogar-350x150.jpg\" height=\"150\" width=\"350\" alt=\"\" class=\"slider-222 slide-304 msDefaultImage\" title=\"De-todo-para-el-hogar\" style=\"display: none;\" \/><\/a>\n<a href=\"javascript:void(0)\" target=\"_self\"><img loading=\"lazy\" decoding=\"async\" src=\"https:\/\/jbarquitecturaltda.co\/wp-content\/uploads\/2022\/08\/Sa-1-350x150.jpg\" height=\"150\" width=\"350\" alt=\"\" class=\"slider-222 slide-338 msDefaultImage\" title=\"Sa-1\" style=\"display: none;\" \/><\/a>\n<a href=\"javascript:void(0)\" target=\"_self\"><img loading=\"lazy\" decoding=\"async\" src=\"https:\/\/jbarquitecturaltda.co\/wp-content\/uploads\/2022\/08\/dopper-350x150.jpg\" height=\"150\" width=\"350\" alt=\"\" class=\"slider-222 slide-307 msDefaultImage\" title=\"dopper\" style=\"display: none;\" \/><\/a>\n<a href=\"javascript:void(0)\" target=\"_self\"><img loading=\"lazy\" decoding=\"async\" src=\"https:\/\/jbarquitecturaltda.co\/wp-content\/uploads\/2022\/08\/Combarranquilla-1-350x150.jpg\" height=\"150\" width=\"350\" alt=\"\" class=\"slider-222 slide-297 msDefaultImage\" title=\"Combarranquilla-1\" style=\"display: none;\" \/><\/a>\n<a href=\"javascript:void(0)\" target=\"_self\"><img loading=\"lazy\" decoding=\"async\" src=\"https:\/\/jbarquitecturaltda.co\/wp-content\/uploads\/2022\/08\/Trento-1-350x150.jpg\" height=\"150\" width=\"350\" alt=\"\" class=\"slider-222 slide-345 msDefaultImage\" title=\"Trento-1\" style=\"display: none;\" \/><\/a>\n<a href=\"javascript:void(0)\" target=\"_self\"><img loading=\"lazy\" decoding=\"async\" src=\"https:\/\/jbarquitecturaltda.co\/wp-content\/uploads\/2022\/08\/Yakar-1-350x150.jpg\" height=\"150\" width=\"350\" alt=\"\" class=\"slider-222 slide-346 msDefaultImage\" title=\"Yakar-1\" style=\"display: none;\" \/><\/a>\n<a href=\"javascript:void(0)\" target=\"_self\"><img loading=\"lazy\" decoding=\"async\" src=\"https:\/\/jbarquitecturaltda.co\/wp-content\/uploads\/2022\/08\/Calzatodo-350x150.jpg\" height=\"150\" width=\"350\" alt=\"\" class=\"slider-222 slide-292 msDefaultImage\" title=\"Calzatodo\" style=\"display: none;\" \/><\/a>\n        <\/div>\n        \n    <\/div>\n<\/div><\/div>\n<\/div>\n\n\n\n<div class=\"wp-block-column is-layout-flow wp-block-column-is-layout-flow\" style=\"flex-basis:25%\"><\/div>\n<\/div>\n","protected":false},"excerpt":{"rendered":"<p>JB Arquitectura S.A.S. es una empresa integral que presta sus servicios especializados en arquitectura, construcci\u00f3n de obras civiles, reparaciones f\u00edsicas y mantenimiento de tipo preventivo-correctivo en todo tipo de edificaciones a NIVEL NACIONAL. La prestaci\u00f3n de los servicios esta encaminado&hellip;<\/p>\n","protected":false},"author":1,"featured_media":0,"parent":0,"menu_order":0,"comment_status":"closed","ping_status":"closed","template":"template-pagebuilder.php","meta":{"_monsterinsights_skip_tracking":false,"_monsterinsights_sitenote_active":false,"_monsterinsights_sitenote_note":"","_monsterinsights_sitenote_category":0,"footnotes":""},"class_list":["post-85","page","type-page","status-publish","hentry"],"aioseo_notices":[],"_links":{"self":[{"href":"https:\/\/jbarquitecturaltda.co\/index.php\/wp-json\/wp\/v2\/pages\/85","targetHints":{"allow":["GET"]}}],"collection":[{"href":"https:\/\/jbarquitecturaltda.co\/index.php\/wp-json\/wp\/v2\/pages"}],"about":[{"href":"https:\/\/jbarquitecturaltda.co\/index.php\/wp-json\/wp\/v2\/types\/page"}],"author":[{"embeddable":true,"href":"https:\/\/jbarquitecturaltda.co\/index.php\/wp-json\/wp\/v2\/users\/1"}],"replies":[{"embeddable":true,"href":"https:\/\/jbarquitecturaltda.co\/index.php\/wp-json\/wp\/v2\/comments?post=85"}],"version-history":[{"count":16,"href":"https:\/\/jbarquitecturaltda.co\/index.php\/wp-json\/wp\/v2\/pages\/85\/revisions"}],"predecessor-version":[{"id":453,"href":"https:\/\/jbarquitecturaltda.co\/index.php\/wp-json\/wp\/v2\/pages\/85\/revisions\/453"}],"wp:attachment":[{"href":"https:\/\/jbarquitecturaltda.co\/index.php\/wp-json\/wp\/v2\/media?parent=85"}],"curies":[{"name":"wp","href":"https:\/\/api.w.org\/{rel}","templated":true}]}}